{"id":11,"date":"2024-03-24T20:34:48","date_gmt":"2024-03-24T20:34:48","guid":{"rendered":"https:\/\/lebensloesungen.ch\/?page_id=11"},"modified":"2024-06-25T17:10:57","modified_gmt":"2024-06-25T17:10:57","slug":"agb","status":"publish","type":"page","link":"https:\/\/lebensloesungen.ch\/de\/agb\/","title":{"rendered":"Allgemeine Gesch\u00e4ftsbedingungen (AGB)"},"content":{"rendered":"<h3>Bestellungen<\/h3>\n<p>Die auf dieser Webseite angebotenen Produkte und Preise sind unverbindlich. Der Vertrag kommt erst mit der Best\u00e4tigung der Sendung der Ware zu Stande. Bestellungen werden in der Regel innert drei Arbeitstagen gesendet. Bei Versandverz\u00f6gerungen wird der Empf\u00e4nger per E-Mail oder per Telefon \u00fcber die Verz\u00f6gerung informiert. Ist die Ware 30 Tage nach Kaufdatum immer noch nicht versendet (Postdatum gilt), kann der K\u00e4ufer von der Bestellung zur\u00fccktreten und den Kaufpreis zur\u00fcckverlangen. Weitere Forderungen sind nicht zul\u00e4ssig. Wir behalten uns das Recht vor, Bestellungen erst nach pers\u00f6nlicher Kontaktaufnahme des Empf\u00e4ngers auszul\u00f6sen und gegebenenfalls die Bestellung ohne Angabe von Gr\u00fcnden zu stornieren. Bestellungen mit unvollst\u00e4ndigen oder falschen Lieferadressen werden storniert.  Es erfolgen keine Lieferungen ins Ausland (z.B. Liechtenstein, \u00d6sterreich, Deutschland, Frankreich). Bestellungen aus dem Ausland sind direkt an [link-new-era] in D\u00e4nemark zu richten. Der Versand innerhalb der Schweiz erfolgt durch New Era Publications International ApS in D\u00e4nemark, wobei Ihre Adresse in D\u00e4nemark weder gespeichert noch anderweitig verarbeitet wird, sondern ausschliesslich f\u00fcr den Versand Ihrer Bestellung verwendet wird. Die Speicherung Ihrer Daten f\u00fcr Bestellungen \u00fcber diese Website erfolgt in der Schweiz.<\/p>\n<h3>M\u00e4ngel<\/h3>\n<p>Die Ware ist nach Erhalt auf transport- und produktionsbedingte M\u00e4ngel hin zu pr\u00fcfen. Etwaige M\u00e4ngel sind uns innert 10 Tagen schriftlich zu melden.<\/p>\n<h3>Preise und Eigentum<\/h3>\n<p>Die auf der Website angegebenen Preise sind in CHF inkl. Porto und Verpackung (innerhalb der Schweiz). Nicht inbegriffen in den Preisangaben sind allf\u00e4llige R\u00fccksendungen. Die Ware bleibt bis zur vollst\u00e4ndigen Bezahlung (inkl. allf\u00e4lliger Mahngeb\u00fchren) unser Eigentum.<\/p>\n<h3>Zahlungsbedingungen<\/h3>\n<p>Die Lieferung erfolgt gegen Vorauszahlung.<\/p>\n<h3>\u00c4nderung von Nutzungsbedingungen und AGB<\/h3>\n<p>Die Nutzungsbedingungen und AGB k\u00f6nnen modifiziert werden. Dies bedarf keiner Vorank\u00fcndigung. Die jeweils g\u00fcltigen Nutzungsbedingungen und AGB sind auf dieser Seite zu finden.<\/p>\n<h3>Gerichtsstand<\/h3>\n<p>Gerichtsstand f\u00fcr Streitigkeiten ist Weinfelden TG, Schweiz.<\/p>\n","protected":false},"excerpt":{"rendered":"<p>Allgemeine Gesch\u00e4ftsbedingungen (AGB)<\/p>\n","protected":false},"author":1,"featured_media":0,"parent":0,"menu_order":0,"comment_status":"closed","ping_status":"closed","template":"","meta":{"ocean_post_layout":"full-width","ocean_both_sidebars_style":"","ocean_both_sidebars_content_width":0,"ocean_both_sidebars_sidebars_width":0,"ocean_sidebar":"0","ocean_second_sidebar":"0","ocean_disable_margins":"enable","ocean_add_body_class":"","ocean_shortcode_before_top_bar":"","ocean_shortcode_after_top_bar":"","ocean_shortcode_before_header":"","ocean_shortcode_after_header":"","ocean_has_shortcode":"","ocean_shortcode_after_title":"","ocean_shortcode_before_footer_widgets":"","ocean_shortcode_after_footer_widgets":"","ocean_shortcode_before_footer_bottom":"","ocean_shortcode_after_footer_bottom":"","ocean_display_top_bar":"default","ocean_display_header":"default","ocean_header_style":"","ocean_center_header_left_menu":"0","ocean_custom_header_template":"0","ocean_custom_logo":0,"ocean_custom_retina_logo":0,"ocean_custom_logo_max_width":0,"ocean_custom_logo_tablet_max_width":0,"ocean_custom_logo_mobile_max_width":0,"ocean_custom_logo_max_height":0,"ocean_custom_logo_tablet_max_height":0,"ocean_custom_logo_mobile_max_height":0,"ocean_header_custom_menu":"0","ocean_menu_typo_font_family":"0","ocean_menu_typo_font_subset":"","ocean_menu_typo_font_size":0,"ocean_menu_typo_font_size_tablet":0,"ocean_menu_typo_font_size_mobile":0,"ocean_menu_typo_font_size_unit":"px","ocean_menu_typo_font_weight":"","ocean_menu_typo_font_weight_tablet":"","ocean_menu_typo_font_weight_mobile":"","ocean_menu_typo_transform":"","ocean_menu_typo_transform_tablet":"","ocean_menu_typo_transform_mobile":"","ocean_menu_typo_line_height":0,"ocean_menu_typo_line_height_tablet":0,"ocean_menu_typo_line_height_mobile":0,"ocean_menu_typo_line_height_unit":"","ocean_menu_typo_spacing":0,"ocean_menu_typo_spacing_tablet":0,"ocean_menu_typo_spacing_mobile":0,"ocean_menu_typo_spacing_unit":"","ocean_menu_link_color":"","ocean_menu_link_color_hover":"","ocean_menu_link_color_active":"","ocean_menu_link_background":"","ocean_menu_link_hover_background":"","ocean_menu_link_active_background":"","ocean_menu_social_links_bg":"","ocean_menu_social_hover_links_bg":"","ocean_menu_social_links_color":"","ocean_menu_social_hover_links_color":"","ocean_disable_title":"default","ocean_disable_heading":"default","ocean_post_title":"Allgemeine Gesch\u00e4ftsbedingungen (AGB)","ocean_post_subheading":"<span class=\"lsgs-red\">AGB f\u00fcr Buch-, CD-, DVD-Bestellungen.<\/span>","ocean_post_title_style":"centered","ocean_post_title_background_color":"","ocean_post_title_background":0,"ocean_post_title_bg_image_position":"","ocean_post_title_bg_image_attachment":"","ocean_post_title_bg_image_repeat":"","ocean_post_title_bg_image_size":"","ocean_post_title_height":0,"ocean_post_title_bg_overlay":0.5,"ocean_post_title_bg_overlay_color":"","ocean_disable_breadcrumbs":"default","ocean_breadcrumbs_color":"","ocean_breadcrumbs_separator_color":"","ocean_breadcrumbs_links_color":"","ocean_breadcrumbs_links_hover_color":"","ocean_display_footer_widgets":"default","ocean_display_footer_bottom":"default","ocean_custom_footer_template":"0","footnotes":""},"class_list":["post-11","page","type-page","status-publish","hentry","entry","owp-thumbs-layout-horizontal","owp-btn-normal","owp-tabs-layout-horizontal","has-no-thumbnails","has-product-nav"],"_links":{"self":[{"href":"https:\/\/lebensloesungen.ch\/de\/wp-json\/wp\/v2\/pages\/11","targetHints":{"allow":["GET"]}}],"collection":[{"href":"https:\/\/lebensloesungen.ch\/de\/wp-json\/wp\/v2\/pages"}],"about":[{"href":"https:\/\/lebensloesungen.ch\/de\/wp-json\/wp\/v2\/types\/page"}],"author":[{"embeddable":true,"href":"https:\/\/lebensloesungen.ch\/de\/wp-json\/wp\/v2\/users\/1"}],"replies":[{"embeddable":true,"href":"https:\/\/lebensloesungen.ch\/de\/wp-json\/wp\/v2\/comments?post=11"}],"version-history":[{"count":0,"href":"https:\/\/lebensloesungen.ch\/de\/wp-json\/wp\/v2\/pages\/11\/revisions"}],"wp:attachment":[{"href":"https:\/\/lebensloesungen.ch\/de\/wp-json\/wp\/v2\/media?parent=11"}],"curies":[{"name":"wp","href":"https:\/\/api.w.org\/{rel}","templated":true}]}}