{"id":32,"date":"2024-03-24T19:59:50","date_gmt":"2024-03-24T19:59:50","guid":{"rendered":"https:\/\/dev.lebensloesungen.ch\/de\/?page_id=32"},"modified":"2025-01-14T17:53:33","modified_gmt":"2025-01-14T17:53:33","slug":"familie-kinder","status":"publish","type":"page","link":"https:\/\/lebensloesungen.ch\/de\/familie-kinder\/","title":{"rendered":"Familie und Kinder"},"content":{"rendered":"\n<p style=\"margin-top: 1em\">Ist Ihre Familie nicht mehr die Quelle der Freude, wie sie es urspr\u00fcngliche war, oder Sie sich es zumindest vorgestellt hatten? Plagt Sie eher Kummer \u00fcber Ihre Kinder. Oder warten Sie nur noch darauf, bis sie ausfliegen? Es muss nicht so weitergehen.<\/p>\n<p>Doch wie kann man eine gl\u00fcckliche Familie erreichen und aufrechterhalten? Oder wie kann man die Freude wiedererlangen, wenn die Familie eher zur Quelle von Kummer geworden ist?<\/p>\n<p>Und wie zieht man Kinder gross, die gl\u00fccklich und gesund sind und sich zu einer wertvollen St\u00fctze der k\u00fcnftigen Generation entwickeln?<\/p>\n<p>Ja, WIE???<\/p>\n<p>Den meisten Eltern wird dies nicht beigebracht. Und so m\u00fchen sich viele mit besten Absichten und unz\u00e4hligen gut gemeinten Ratschl\u00e4gen durch diesen Prozess. Folglich ist es nicht verwunderlich, dass in vielen Familien die erw\u00fcnschte Harmonie fehlt.<\/p>\n<p>Aber es muss nicht so sein. Kinder grosszuziehen und eine Familie zu f\u00fchren kann tats\u00e4chlich eine der befriedigendsten aller Aufgaben sein. Die Anwendung genauer Prinzipien und Methoden, die von <a class=\"lsgs-link\" rel=\"noopener\" target=\"_blank\" href=\"https:\/\/www.lronhubbard.de\/\" title=\"L. Ron Hubbard\">L. Ron Hubbard&reg;<\/a> entwickelt wurden, wird Ihnen helfen, eine harmonierende Familie zu haben, und Kinder grosszuziehen, die gl\u00fccklich, liebevoll und produktiv sind und zu St\u00fctzen unserer Gesellschaft heranwachsen.<\/p>\n<p>Machen Sie den ersten Schritt noch heute und setzen Sie sich mit uns in Verbindung.<\/p>\n<a class=\"lsgs-button-link\" rel=\"noopener\" href=\"https:\/\/lebensloesungen.ch\/kontakt\/\" title=\"Melden Sie sich noch heute bei uns.\">JETZT KONTAKT AUFNEHMEN<\/a>\n","protected":false},"excerpt":{"rendered":"<p>Familie und Kinder<\/p>\n","protected":false},"author":1,"featured_media":0,"parent":0,"menu_order":0,"comment_status":"closed","ping_status":"closed","template":"","meta":{"ocean_post_layout":"full-width","ocean_both_sidebars_style":"","ocean_both_sidebars_content_width":0,"ocean_both_sidebars_sidebars_width":0,"ocean_sidebar":"0","ocean_second_sidebar":"0","ocean_disable_margins":"enable","ocean_add_body_class":"","ocean_shortcode_before_top_bar":"","ocean_shortcode_after_top_bar":"","ocean_shortcode_before_header":"","ocean_shortcode_after_header":"","ocean_has_shortcode":"","ocean_shortcode_after_title":"","ocean_shortcode_before_footer_widgets":"","ocean_shortcode_after_footer_widgets":"","ocean_shortcode_before_footer_bottom":"","ocean_shortcode_after_footer_bottom":"","ocean_display_top_bar":"default","ocean_display_header":"on","ocean_header_style":"","ocean_center_header_left_menu":"0","ocean_custom_header_template":"0","ocean_custom_logo":0,"ocean_custom_retina_logo":0,"ocean_custom_logo_max_width":0,"ocean_custom_logo_tablet_max_width":0,"ocean_custom_logo_mobile_max_width":0,"ocean_custom_logo_max_height":0,"ocean_custom_logo_tablet_max_height":0,"ocean_custom_logo_mobile_max_height":0,"ocean_header_custom_menu":"0","ocean_menu_typo_font_family":"0","ocean_menu_typo_font_subset":"","ocean_menu_typo_font_size":0,"ocean_menu_typo_font_size_tablet":0,"ocean_menu_typo_font_size_mobile":0,"ocean_menu_typo_font_size_unit":"px","ocean_menu_typo_font_weight":"","ocean_menu_typo_font_weight_tablet":"","ocean_menu_typo_font_weight_mobile":"","ocean_menu_typo_transform":"","ocean_menu_typo_transform_tablet":"","ocean_menu_typo_transform_mobile":"","ocean_menu_typo_line_height":0,"ocean_menu_typo_line_height_tablet":0,"ocean_menu_typo_line_height_mobile":0,"ocean_menu_typo_line_height_unit":"","ocean_menu_typo_spacing":0,"ocean_menu_typo_spacing_tablet":0,"ocean_menu_typo_spacing_mobile":0,"ocean_menu_typo_spacing_unit":"","ocean_menu_link_color":"","ocean_menu_link_color_hover":"","ocean_menu_link_color_active":"","ocean_menu_link_background":"","ocean_menu_link_hover_background":"","ocean_menu_link_active_background":"","ocean_menu_social_links_bg":"","ocean_menu_social_hover_links_bg":"","ocean_menu_social_links_color":"","ocean_menu_social_hover_links_color":"","ocean_disable_title":"default","ocean_disable_heading":"default","ocean_post_title":"","ocean_post_subheading":"<span class=\"lsgs-red\">Lassen Sie Ihre Familie zur unversiegbaren Quelle von Freude und Lebensenergie aufbl\u00fchen.<\/span>","ocean_post_title_style":"centered","ocean_post_title_background_color":"","ocean_post_title_background":0,"ocean_post_title_bg_image_position":"","ocean_post_title_bg_image_attachment":"","ocean_post_title_bg_image_repeat":"","ocean_post_title_bg_image_size":"","ocean_post_title_height":0,"ocean_post_title_bg_overlay":0.5,"ocean_post_title_bg_overlay_color":"","ocean_disable_breadcrumbs":"default","ocean_breadcrumbs_color":"","ocean_breadcrumbs_separator_color":"","ocean_breadcrumbs_links_color":"","ocean_breadcrumbs_links_hover_color":"","ocean_display_footer_widgets":"default","ocean_display_footer_bottom":"default","ocean_custom_footer_template":"0","footnotes":""},"class_list":["post-32","page","type-page","status-publish","hentry","entry","owp-thumbs-layout-horizontal","owp-btn-normal","owp-tabs-layout-horizontal","has-no-thumbnails","has-product-nav"],"_links":{"self":[{"href":"https:\/\/lebensloesungen.ch\/de\/wp-json\/wp\/v2\/pages\/32","targetHints":{"allow":["GET"]}}],"collection":[{"href":"https:\/\/lebensloesungen.ch\/de\/wp-json\/wp\/v2\/pages"}],"about":[{"href":"https:\/\/lebensloesungen.ch\/de\/wp-json\/wp\/v2\/types\/page"}],"author":[{"embeddable":true,"href":"https:\/\/lebensloesungen.ch\/de\/wp-json\/wp\/v2\/users\/1"}],"replies":[{"embeddable":true,"href":"https:\/\/lebensloesungen.ch\/de\/wp-json\/wp\/v2\/comments?post=32"}],"version-history":[{"count":1,"href":"https:\/\/lebensloesungen.ch\/de\/wp-json\/wp\/v2\/pages\/32\/revisions"}],"predecessor-version":[{"id":1181,"href":"https:\/\/lebensloesungen.ch\/de\/wp-json\/wp\/v2\/pages\/32\/revisions\/1181"}],"wp:attachment":[{"href":"https:\/\/lebensloesungen.ch\/de\/wp-json\/wp\/v2\/media?parent=32"}],"curies":[{"name":"wp","href":"https:\/\/api.w.org\/{rel}","templated":true}]}}