{"id":409,"date":"2024-04-27T17:13:52","date_gmt":"2024-04-27T17:13:52","guid":{"rendered":"https:\/\/dev.lebensloesungen.ch\/de\/?page_id=409"},"modified":"2025-01-14T18:01:08","modified_gmt":"2025-01-14T18:01:08","slug":"verluste","status":"publish","type":"page","link":"https:\/\/lebensloesungen.ch\/de\/verluste\/","title":{"rendered":"Verluste"},"content":{"rendered":"\n<p style=\"margin-top: 1em\">Haben Sie schon beobachtet, wie der Verlust einer Person, einer Arbeitsstelle, eines Gegenstand oder auch ein Bruch in einer Karriere oder das Verfehlen eines Zieles die Gem\u00fctslage einer Person merklich und oft langfristig absacken l\u00e4sst? Es f\u00fchlt sich an, als w\u00e4re die Person ihrer Lebensenergie beraubt worden und oft scheint die Person auf einen Schlag um Jahre \u00e4lter geworden zu sein.<\/p>\n<p>Im Volksmund wird gesagt, dass die Zeit alle Wunden heilt. Leider ist dem nicht so. Wie oft haben Sie schon Leute gesehen, die noch Jahre nach dem Tod einer geliebten Person Tr\u00e4nen vergiessen? Und wenn vielleicht die Tr\u00e4nen versiegt sind, findet man sehr h\u00e4ufig nie wieder die gleiche Fr\u00f6hlichkeit im Gesicht einer solchen Person. Wenn Sie nur ein wenig in Ihrem eigenen Leben zur\u00fcckschauen, werden Sie sp\u00fcren, wie empfindliche diese Wunden noch heute sind.<\/p>\n<p>Diese Wunden heilen nie ganz zu und k\u00f6nnen sehr leicht wieder aufplatzen. Und die Person ist tats\u00e4chlich in kleinerem oder gr\u00f6sserem Ausmass Ihrer Lebensenergie beraubt worden.<\/p>\n<p>Doch wo ist diese Lebensenergie geblieben? Ist sie f\u00fcr immer verloren?<\/p>\n<p>Genau das ist das Gebiet des <a class=\"lsgs-link\" rel=\"noopener\" target=\"_blank\" href=\"https:\/\/www.dianetics.de\/\" title=\"Dianetik\">Dianetik&reg;<\/a> Beistandes. Mithilfe pr\u00e4ziser Schritte wird Ihnen geholfen, diese \u201everlorene\u201c Lebensenergie wieder zu befreien. Dies wird es Ihnen erm\u00f6glichen, sich von der Vergangenheit zu l\u00f6sen und Ihr Augenmerk wieder auf die Zukunft zu legen. Sie werden wieder Ihre volle Lebensfreude zur\u00fcckerlangen und Ihr Leben voller Zuversicht gestalten k\u00f6nnen.<\/p>\n<p>Nehmen Sie noch heute den ersten Schritt zur\u00fcck zu voller Lebensfreude. F\u00fcllen Sie den kostenlosen Pers\u00f6nlichkeitstest aus und vereinbaren Sie gleich ein unverbindliches erstes Gespr\u00e4ch.<\/p>\n<a class=\"lsgs-button-link\" rel=\"noopener\" href=\"https:\/\/lebensloesungen.ch\/persoenlichkeitstest-formular\/\" title=\"Finden Sie heraus, was Ihre ST\u00c4RKEN und UNVOLLKOMMENHEITEN sind.\">ZUM PERS\u00d6NLICHKEITSTEST<\/a>\n<h3>Definition<\/h3>\n<strong>Dianetik<\/strong> ist eine von <a class=\"lsgs-link\" rel=\"noopener\" target=\"_blank\" href=\"https:\/\/www.lronhubbard.de\/\" title=\"L. Ron Hubbard\">L. Ron Hubbard&reg;<\/a> entwickelte Methodik, die dabei helfen kann, unerw\u00fcnschte Empfindungen und Emotionen, unvern\u00fcnftige \u00c4ngste und psychosomatische Krankheiten (Krankheiten, die durch geistige Belastungen verursacht oder verschlimmert werden) zu mindern. Dies wird am besten beschrieben mit \u201eWas die Seele mittels des Verstandes dem K\u00f6rper antut\u201c.\n","protected":false},"excerpt":{"rendered":"<p>Verluste<\/p>\n","protected":false},"author":1,"featured_media":0,"parent":0,"menu_order":0,"comment_status":"closed","ping_status":"closed","template":"","meta":{"ocean_post_layout":"full-width","ocean_both_sidebars_style":"","ocean_both_sidebars_content_width":0,"ocean_both_sidebars_sidebars_width":0,"ocean_sidebar":"0","ocean_second_sidebar":"0","ocean_disable_margins":"enable","ocean_add_body_class":"","ocean_shortcode_before_top_bar":"","ocean_shortcode_after_top_bar":"","ocean_shortcode_before_header":"","ocean_shortcode_after_header":"","ocean_has_shortcode":"","ocean_shortcode_after_title":"","ocean_shortcode_before_footer_widgets":"","ocean_shortcode_after_footer_widgets":"","ocean_shortcode_before_footer_bottom":"","ocean_shortcode_after_footer_bottom":"","ocean_display_top_bar":"default","ocean_display_header":"default","ocean_header_style":"","ocean_center_header_left_menu":"0","ocean_custom_header_template":"0","ocean_custom_logo":0,"ocean_custom_retina_logo":0,"ocean_custom_logo_max_width":0,"ocean_custom_logo_tablet_max_width":0,"ocean_custom_logo_mobile_max_width":0,"ocean_custom_logo_max_height":0,"ocean_custom_logo_tablet_max_height":0,"ocean_custom_logo_mobile_max_height":0,"ocean_header_custom_menu":"0","ocean_menu_typo_font_family":"0","ocean_menu_typo_font_subset":"","ocean_menu_typo_font_size":0,"ocean_menu_typo_font_size_tablet":0,"ocean_menu_typo_font_size_mobile":0,"ocean_menu_typo_font_size_unit":"px","ocean_menu_typo_font_weight":"","ocean_menu_typo_font_weight_tablet":"","ocean_menu_typo_font_weight_mobile":"","ocean_menu_typo_transform":"","ocean_menu_typo_transform_tablet":"","ocean_menu_typo_transform_mobile":"","ocean_menu_typo_line_height":0,"ocean_menu_typo_line_height_tablet":0,"ocean_menu_typo_line_height_mobile":0,"ocean_menu_typo_line_height_unit":"","ocean_menu_typo_spacing":0,"ocean_menu_typo_spacing_tablet":0,"ocean_menu_typo_spacing_mobile":0,"ocean_menu_typo_spacing_unit":"","ocean_menu_link_color":"","ocean_menu_link_color_hover":"","ocean_menu_link_color_active":"","ocean_menu_link_background":"","ocean_menu_link_hover_background":"","ocean_menu_link_active_background":"","ocean_menu_social_links_bg":"","ocean_menu_social_hover_links_bg":"","ocean_menu_social_links_color":"","ocean_menu_social_hover_links_color":"","ocean_disable_title":"default","ocean_disable_heading":"default","ocean_post_title":"","ocean_post_subheading":"<span class=\"lsgs-red\">Erlangen Sie wieder Ihre volle Lebensfreude zur\u00fcck.<\/span>","ocean_post_title_style":"centered","ocean_post_title_background_color":"","ocean_post_title_background":0,"ocean_post_title_bg_image_position":"","ocean_post_title_bg_image_attachment":"","ocean_post_title_bg_image_repeat":"","ocean_post_title_bg_image_size":"","ocean_post_title_height":0,"ocean_post_title_bg_overlay":0.5,"ocean_post_title_bg_overlay_color":"","ocean_disable_breadcrumbs":"default","ocean_breadcrumbs_color":"","ocean_breadcrumbs_separator_color":"","ocean_breadcrumbs_links_color":"","ocean_breadcrumbs_links_hover_color":"","ocean_display_footer_widgets":"default","ocean_display_footer_bottom":"default","ocean_custom_footer_template":"0","footnotes":""},"class_list":["post-409","page","type-page","status-publish","hentry","entry","owp-thumbs-layout-horizontal","owp-btn-normal","owp-tabs-layout-horizontal","has-no-thumbnails","has-product-nav"],"_links":{"self":[{"href":"https:\/\/lebensloesungen.ch\/de\/wp-json\/wp\/v2\/pages\/409","targetHints":{"allow":["GET"]}}],"collection":[{"href":"https:\/\/lebensloesungen.ch\/de\/wp-json\/wp\/v2\/pages"}],"about":[{"href":"https:\/\/lebensloesungen.ch\/de\/wp-json\/wp\/v2\/types\/page"}],"author":[{"embeddable":true,"href":"https:\/\/lebensloesungen.ch\/de\/wp-json\/wp\/v2\/users\/1"}],"replies":[{"embeddable":true,"href":"https:\/\/lebensloesungen.ch\/de\/wp-json\/wp\/v2\/comments?post=409"}],"version-history":[{"count":8,"href":"https:\/\/lebensloesungen.ch\/de\/wp-json\/wp\/v2\/pages\/409\/revisions"}],"predecessor-version":[{"id":1182,"href":"https:\/\/lebensloesungen.ch\/de\/wp-json\/wp\/v2\/pages\/409\/revisions\/1182"}],"wp:attachment":[{"href":"https:\/\/lebensloesungen.ch\/de\/wp-json\/wp\/v2\/media?parent=409"}],"curies":[{"name":"wp","href":"https:\/\/api.w.org\/{rel}","templated":true}]}}