{"id":413,"date":"2024-04-27T17:38:39","date_gmt":"2024-04-27T17:38:39","guid":{"rendered":"https:\/\/dev.lebensloesungen.ch\/de\/?page_id=413"},"modified":"2025-01-15T03:01:40","modified_gmt":"2025-01-15T03:01:40","slug":"impressum","status":"publish","type":"page","link":"https:\/\/lebensloesungen.ch\/de\/impressum\/","title":{"rendered":"Impressum"},"content":{"rendered":"<h3>Anschrift<\/h3>\n<table>\n<tr>\n<td colspan=\"2\">Tobias Kindlimann<br \/>Nollenstrasse 8<br \/>CH-8570 Weinfelden<\/td>\n<\/tr>\n<tr>\n<td><i class=\" fas fa-phone-alt\" aria-hidden=\"true\" role=\"img\"><\/i><\/td>\n<td>+41 71 252 70 35<\/td>\n<\/tr>\n<tr>\n<td><i class=\" fa fa-envelope\" aria-hidden=\"true\" role=\"img\"><\/i><\/td>\n<td>info@lebensloesungen.ch<\/tr>\n<tr>\n<td><i class=\" fas fa-home\" aria-hidden=\"true\" role=\"img\"><\/i><\/td>\n<td>https:\/\/lebensloesungen.ch<\/tr>\n<tr><\/table>\n<h3>Zertifizierung  &#038; Lizenzierung<\/h3>\n<p>Alle Berater, die bei Lebensl\u00f6sungen mitwirken, haben ihre Ausbildung in einer Scientology Kirche erfolgreich abgeschlossen und wurden nach Erf\u00fcllung strenger Qualifikationsstandards zertifiziert. Sie sind lizenzierte Mitglieder von <a class=\"lsgs-link\" rel=\"noopener\" target=\"_blank\" href=\"https:\/\/www.scientology.de\/faq\/the-organization-of-scientology\/what-is-international-hubbard-ecclesiastical-league-pastors.html\" title=\"I HELP International\">I HELP International<\/a>.<\/p>\n<h3>Geistiges Eigentum<\/h3>\n<p>Das Logo, der Text und die Abbildungen auf allen Seiten, mit Ausnahme der Testseite und der Online-Buchhandlung, unterliegen mit Erlaubnis der Scientology Kirche International dem Urheberrecht und dem Markenrecht sowie allgemein dem Recht des geistigen Eigentums, einschliesslich des Rechts am eigenen Bild. Daher bedarf jede vollst\u00e4ndige oder teilweise \u00dcbernahme eines dieser Elemente der vorherigen Zustimmung des Eigent\u00fcmers der Website Tobias Kindlimann.<\/p>\n<h3>Copyright<\/h3>\n<p>Wir danken der L. Ron Hubbard Library f\u00fcr die Genehmigung, Textstellen aus den urheberrechtlich gesch\u00fctzten Werken von L. Ron Hubbard verwenden zu d\u00fcrfen. Scientology, Dianetik, Hubbard, L. Ron Hubbard, Oxford Capacity Analysis sind eingetragene Marken im Besitz des Religious Technology Center und werden mit dessen Genehmigung verwendet. Die religi\u00f6sen Dienste der Scientology Kirche werden in der ganzen Welt ausschliesslich mit Genehmigung der Church of Scientology International und mit Erlaubnis des Religious Technology Center als Inhaber der gesch\u00fctzten Marken SCIENTOLOGY und DIANETIK ausge\u00fcbt.<\/p>\n<h3>Datenschutz<\/h3>\n<p>F\u00fcr die Sicherheit der Daten\u00fcbertragung im Internet k\u00f6nnen wir keine Gew\u00e4hr \u00fcbernehmen, insbesondere besteht bei der \u00dcbertragung von Daten per E-Mail die Gefahr des Zugriffs durch Dritte.<\/p>\n<p>Ihre pers\u00f6nlichen Daten werden niemandem ausserhalb der Scientology Kirche zur Nutzung oder zur Verf\u00fcgung gestellt. Alle Angaben, die Sie uns geben, erm\u00f6glichen Ihnen eine bequeme und sichere Abwicklung Ihres Anliegens oder Ihres Einkaufs.<\/p>\n<p>Sie haben das Recht, jederzeit nach Ihren pers\u00f6nlichen Daten, die bei uns gespeichert sind, zu fragen und eine L\u00f6schung zu beantragen. Die pers\u00f6nlichen Daten, die wir speichern, werden vertraulich behandelt.<\/p>\n<h3>Cookies<\/h3>\n<p>Diese Webseite benutzt Cookies. Mit der Benutzung dieser Webseite stimmen Sie damit \u00fcberein, dass auf Ihrem Ger\u00e4t Cookies gespeichert und verarbeitet werden k\u00f6nnen.<\/p>\n<h3>Haftungsausschluss<\/h3>\n<p>Alle Texte und Links wurden sorgf\u00e4ltig gepr\u00fcft und werden laufend aktualisiert. Wir sind bem\u00fcht, richtige und vollst\u00e4ndige Informationen auf dieser Website bereitzustellen, \u00fcbernehmen aber keinerlei Verantwortung, Garantien oder Haftung daf\u00fcr, dass die durch diese Website bereitgestellten Informationen richtig, vollst\u00e4ndig oder aktuell sind. Wir behalten uns das Recht vor, jederzeit und ohne Vorank\u00fcndigung die Informationen auf dieser Website zu \u00e4ndern, und verpflichten uns auch nicht, die enthaltenen Informationen zu aktualisieren. Alle Links zu externen Anbietern wurden zum Zeitpunkt ihrer Aufnahme auf ihre Richtigkeit \u00fcberpr\u00fcft, dennoch haften wir nicht f\u00fcr Inhalte und Verf\u00fcgbarkeit von Websites, die mittels Hyperlinks zu erreichen sind. F\u00fcr illegale, fehlerhafte oder unvollst\u00e4ndige Inhalte und insbesondere f\u00fcr Sch\u00e4den, die durch Inhalte verkn\u00fcpfter Seiten entstehen, haftet allein der Anbieter der Seite, auf welche verwiesen wurde. Dabei ist es gleichg\u00fcltig, ob der Schaden direkter, indirekter oder finanzieller Natur ist oder ein sonstiger Schaden vorliegt, der sich aus Datenverlust, Nutzungsausfall oder anderen Gr\u00fcnden aller Art ergeben k\u00f6nnte.<\/p>\n<p>Sollten einzelne Regelungen oder Formulierungen dieses Haftungsausschlusses unwirksam sein oder werden, bleiben die \u00fcbrigen Regelungen in ihrem Inhalt und ihrer G\u00fcltigkeit hiervon unber\u00fchrt.<\/p>\n","protected":false},"excerpt":{"rendered":"<p>Impressum<\/p>\n","protected":false},"author":1,"featured_media":0,"parent":0,"menu_order":0,"comment_status":"closed","ping_status":"closed","template":"","meta":{"ocean_post_layout":"full-width","ocean_both_sidebars_style":"","ocean_both_sidebars_content_width":0,"ocean_both_sidebars_sidebars_width":0,"ocean_sidebar":"0","ocean_second_sidebar":"0","ocean_disable_margins":"enable","ocean_add_body_class":"","ocean_shortcode_before_top_bar":"","ocean_shortcode_after_top_bar":"","ocean_shortcode_before_header":"","ocean_shortcode_after_header":"","ocean_has_shortcode":"","ocean_shortcode_after_title":"","ocean_shortcode_before_footer_widgets":"","ocean_shortcode_after_footer_widgets":"","ocean_shortcode_before_footer_bottom":"","ocean_shortcode_after_footer_bottom":"","ocean_display_top_bar":"default","ocean_display_header":"default","ocean_header_style":"","ocean_center_header_left_menu":"0","ocean_custom_header_template":"0","ocean_custom_logo":0,"ocean_custom_retina_logo":0,"ocean_custom_logo_max_width":0,"ocean_custom_logo_tablet_max_width":0,"ocean_custom_logo_mobile_max_width":0,"ocean_custom_logo_max_height":0,"ocean_custom_logo_tablet_max_height":0,"ocean_custom_logo_mobile_max_height":0,"ocean_header_custom_menu":"0","ocean_menu_typo_font_family":"0","ocean_menu_typo_font_subset":"","ocean_menu_typo_font_size":0,"ocean_menu_typo_font_size_tablet":0,"ocean_menu_typo_font_size_mobile":0,"ocean_menu_typo_font_size_unit":"px","ocean_menu_typo_font_weight":"","ocean_menu_typo_font_weight_tablet":"","ocean_menu_typo_font_weight_mobile":"","ocean_menu_typo_transform":"","ocean_menu_typo_transform_tablet":"","ocean_menu_typo_transform_mobile":"","ocean_menu_typo_line_height":0,"ocean_menu_typo_line_height_tablet":0,"ocean_menu_typo_line_height_mobile":0,"ocean_menu_typo_line_height_unit":"","ocean_menu_typo_spacing":0,"ocean_menu_typo_spacing_tablet":0,"ocean_menu_typo_spacing_mobile":0,"ocean_menu_typo_spacing_unit":"","ocean_menu_link_color":"","ocean_menu_link_color_hover":"","ocean_menu_link_color_active":"","ocean_menu_link_background":"","ocean_menu_link_hover_background":"","ocean_menu_link_active_background":"","ocean_menu_social_links_bg":"","ocean_menu_social_hover_links_bg":"","ocean_menu_social_links_color":"","ocean_menu_social_hover_links_color":"","ocean_disable_title":"default","ocean_disable_heading":"default","ocean_post_title":"","ocean_post_subheading":"<span class=\"lsgs-red\">Copyright \u00a9 2024 \u2013 Tobias Kindlimann \u2013 Alle Rechte vorbehalten.<\/span>","ocean_post_title_style":"centered","ocean_post_title_background_color":"","ocean_post_title_background":0,"ocean_post_title_bg_image_position":"","ocean_post_title_bg_image_attachment":"","ocean_post_title_bg_image_repeat":"","ocean_post_title_bg_image_size":"","ocean_post_title_height":0,"ocean_post_title_bg_overlay":0.5,"ocean_post_title_bg_overlay_color":"","ocean_disable_breadcrumbs":"default","ocean_breadcrumbs_color":"","ocean_breadcrumbs_separator_color":"","ocean_breadcrumbs_links_color":"","ocean_breadcrumbs_links_hover_color":"","ocean_display_footer_widgets":"default","ocean_display_footer_bottom":"default","ocean_custom_footer_template":"0","footnotes":""},"class_list":["post-413","page","type-page","status-publish","hentry","entry","owp-thumbs-layout-horizontal","owp-btn-normal","owp-tabs-layout-horizontal","has-no-thumbnails","has-product-nav"],"_links":{"self":[{"href":"https:\/\/lebensloesungen.ch\/de\/wp-json\/wp\/v2\/pages\/413","targetHints":{"allow":["GET"]}}],"collection":[{"href":"https:\/\/lebensloesungen.ch\/de\/wp-json\/wp\/v2\/pages"}],"about":[{"href":"https:\/\/lebensloesungen.ch\/de\/wp-json\/wp\/v2\/types\/page"}],"author":[{"embeddable":true,"href":"https:\/\/lebensloesungen.ch\/de\/wp-json\/wp\/v2\/users\/1"}],"replies":[{"embeddable":true,"href":"https:\/\/lebensloesungen.ch\/de\/wp-json\/wp\/v2\/comments?post=413"}],"version-history":[{"count":1,"href":"https:\/\/lebensloesungen.ch\/de\/wp-json\/wp\/v2\/pages\/413\/revisions"}],"predecessor-version":[{"id":1185,"href":"https:\/\/lebensloesungen.ch\/de\/wp-json\/wp\/v2\/pages\/413\/revisions\/1185"}],"wp:attachment":[{"href":"https:\/\/lebensloesungen.ch\/de\/wp-json\/wp\/v2\/media?parent=413"}],"curies":[{"name":"wp","href":"https:\/\/api.w.org\/{rel}","templated":true}]}}