{"id":472,"date":"2024-04-27T19:45:40","date_gmt":"2024-04-27T19:45:40","guid":{"rendered":"https:\/\/dev.lebensloesungen.ch\/de\/?page_id=472"},"modified":"2025-01-15T02:44:17","modified_gmt":"2025-01-15T02:44:17","slug":"trauerbegleitung","status":"publish","type":"page","link":"https:\/\/lebensloesungen.ch\/de\/trauerbegleitung\/","title":{"rendered":"Trauerbegleitung"},"content":{"rendered":"\n<p style=\"margin-top: 1em\">Das Abschiednehmen von einer Person durch den Tod ist stets eine schwierige Erfahrung. Und je unerwarteter der Verlust, umso tiefer sind die Narben. Zudem gibt es niemanden in unserer Gesellschaft, der um diese Erfahrung herumkommt. Daher ist es umso wichtiger, dass effektive Hilfe auf diesem Gebiet geleistet wird, die die Betroffen dabei unterst\u00fctzt, den Schmerz zu verarbeiten und wieder mit Freude und Heiterkeit in die Zukunft blicken zu k\u00f6nnen.<\/p>\n<p>Unsere Begleitung im Trauerfall geht vom Grundsatz der <a class=\"lsgs-link\" rel=\"noopener\" target=\"_blank\" href=\"https:\/\/www.scientology.de\/what-is-scientology\/\" title=\"Was ist Scientology\">Scientology&reg;<\/a> aus, dass der K\u00f6rper verg\u00e4nglich ist, w\u00e4hrend der Mensch, ein geistiges Wesen, unsterblich ist, und davon, dass es die Rolle des Geistlichen ist, bei den Hinterbliebenen den Verlust zu mindern und ihnen Trost zu spenden.<\/p>\n<h3>Beerdigungszeremonie<\/h3>\n<p>Die Beerdigungszeremonie dient dem Zweck, den Kreis des verflossenen Lebens zu schliessen und sich auf die Zukunft zu konzentrieren. Ein wesentlicher Bestandteil der Scientology Beerdigungszeremonie besteht darin, dem Verstorbenen selbst zu helfen, diesen Lebenszyklus zu beenden und zum n\u00e4chsten voranzuschreiten. Bei der Gestaltung der Zeremonie stellen wir sicher, dass den W\u00fcnschen der Hinterbliebenen sowie des Verstorbenen geb\u00fchrend Rechnung getragen wird.<\/p>\n<h3>Beistand f\u00fcr den Sterbenden<\/h3>\n<p>Der Sterbeprozess ist f\u00fcr den Sterbenden in der Regel sehr belastend. Oft befindet sich die Person in Wahnvorstellungen, sie ist besorgt und zerstreut und sorgt sich \u00fcber Probleme, die sie zur\u00fccklassen k\u00f6nnte. Einer solchen Person k\u00f6nnen spezielle Beist\u00e4nde gegeben werden, die es ihr erleichtern, diesen Lebenszyklus abzuschliessen und erfolgreich in einen neuen einzusteigen.<\/p>\n<h3>Begleitung f\u00fcr Hinterbliebene<\/h3>\n<p>W\u00e4hrend der Verstorbene sich losgel\u00f6st hat und in einen ganz neuen Zyklus eingestiegen ist, m\u00fcssen die Hinterbliebenen wieder so schnell wie m\u00f6glich ins Leben zur\u00fcckfinden. Doch die Verarbeitung des Verlusts und die Neuorientierung im Leben, wenn auf einmal eine stabile Bezugsperson fehlt, gestaltet sich in den meisten F\u00e4llen schwierig und langwierig. Mithilfe von Scientology und <a class=\"lsgs-link\" rel=\"noopener\" target=\"_blank\" href=\"https:\/\/www.dianetics.de\/\" title=\"Dianetik\">Dianetik&reg;<\/a> Beist\u00e4nden kann der Person geholfen werden, die seelische Last zu erleichtern, die mit dem Verlust einer Person einhergeht.<\/p>\n<p>Melden Sie sich noch heute bei uns und erhalten Sie Unterst\u00fctzung in dieser schwierigen Zeit.<\/p>\n<a class=\"lsgs-button-link\" rel=\"noopener\" href=\"https:\/\/lebensloesungen.ch\/kontakt\/\" title=\"Melden Sie sich noch heute bei uns.\">JETZT KONTAKT AUFNEHMEN<\/a>\n<h3>Definition<\/h3>\n<strong>Dianetik<\/strong> ist eine von <a class=\"lsgs-link\" rel=\"noopener\" target=\"_blank\" href=\"https:\/\/www.lronhubbard.de\/\" title=\"L. Ron Hubbard\">L. Ron Hubbard&reg;<\/a> entwickelte Methodik, die dabei helfen kann, unerw\u00fcnschte Empfindungen und Emotionen, unvern\u00fcnftige \u00c4ngste und psychosomatische Krankheiten (Krankheiten, die durch geistige Belastungen verursacht oder verschlimmert werden) zu mindern. Dies wird am besten beschrieben mit \u201eWas die Seele mittels des Verstandes dem K\u00f6rper antut\u201c.\n","protected":false},"excerpt":{"rendered":"<p>Trauerbegleitung<\/p>\n","protected":false},"author":1,"featured_media":0,"parent":0,"menu_order":0,"comment_status":"closed","ping_status":"closed","template":"","meta":{"ocean_post_layout":"full-width","ocean_both_sidebars_style":"","ocean_both_sidebars_content_width":0,"ocean_both_sidebars_sidebars_width":0,"ocean_sidebar":"0","ocean_second_sidebar":"0","ocean_disable_margins":"enable","ocean_add_body_class":"","ocean_shortcode_before_top_bar":"","ocean_shortcode_after_top_bar":"","ocean_shortcode_before_header":"","ocean_shortcode_after_header":"","ocean_has_shortcode":"","ocean_shortcode_after_title":"","ocean_shortcode_before_footer_widgets":"","ocean_shortcode_after_footer_widgets":"","ocean_shortcode_before_footer_bottom":"","ocean_shortcode_after_footer_bottom":"","ocean_display_top_bar":"default","ocean_display_header":"default","ocean_header_style":"","ocean_center_header_left_menu":"0","ocean_custom_header_template":"0","ocean_custom_logo":0,"ocean_custom_retina_logo":0,"ocean_custom_logo_max_width":0,"ocean_custom_logo_tablet_max_width":0,"ocean_custom_logo_mobile_max_width":0,"ocean_custom_logo_max_height":0,"ocean_custom_logo_tablet_max_height":0,"ocean_custom_logo_mobile_max_height":0,"ocean_header_custom_menu":"0","ocean_menu_typo_font_family":"0","ocean_menu_typo_font_subset":"","ocean_menu_typo_font_size":0,"ocean_menu_typo_font_size_tablet":0,"ocean_menu_typo_font_size_mobile":0,"ocean_menu_typo_font_size_unit":"px","ocean_menu_typo_font_weight":"","ocean_menu_typo_font_weight_tablet":"","ocean_menu_typo_font_weight_mobile":"","ocean_menu_typo_transform":"","ocean_menu_typo_transform_tablet":"","ocean_menu_typo_transform_mobile":"","ocean_menu_typo_line_height":0,"ocean_menu_typo_line_height_tablet":0,"ocean_menu_typo_line_height_mobile":0,"ocean_menu_typo_line_height_unit":"","ocean_menu_typo_spacing":0,"ocean_menu_typo_spacing_tablet":0,"ocean_menu_typo_spacing_mobile":0,"ocean_menu_typo_spacing_unit":"","ocean_menu_link_color":"","ocean_menu_link_color_hover":"","ocean_menu_link_color_active":"","ocean_menu_link_background":"","ocean_menu_link_hover_background":"","ocean_menu_link_active_background":"","ocean_menu_social_links_bg":"","ocean_menu_social_hover_links_bg":"","ocean_menu_social_links_color":"","ocean_menu_social_hover_links_color":"","ocean_disable_title":"default","ocean_disable_heading":"default","ocean_post_title":"","ocean_post_subheading":"<span class=\"lsgs-red\">Professionelle Begleitung durch eine schwere Zeit.<\/span>","ocean_post_title_style":"centered","ocean_post_title_background_color":"","ocean_post_title_background":0,"ocean_post_title_bg_image_position":"","ocean_post_title_bg_image_attachment":"","ocean_post_title_bg_image_repeat":"","ocean_post_title_bg_image_size":"","ocean_post_title_height":0,"ocean_post_title_bg_overlay":0.5,"ocean_post_title_bg_overlay_color":"","ocean_disable_breadcrumbs":"default","ocean_breadcrumbs_color":"","ocean_breadcrumbs_separator_color":"","ocean_breadcrumbs_links_color":"","ocean_breadcrumbs_links_hover_color":"","ocean_display_footer_widgets":"default","ocean_display_footer_bottom":"default","ocean_custom_footer_template":"0","footnotes":""},"class_list":["post-472","page","type-page","status-publish","hentry","entry","owp-thumbs-layout-horizontal","owp-btn-normal","owp-tabs-layout-horizontal","has-no-thumbnails","has-product-nav"],"_links":{"self":[{"href":"https:\/\/lebensloesungen.ch\/de\/wp-json\/wp\/v2\/pages\/472","targetHints":{"allow":["GET"]}}],"collection":[{"href":"https:\/\/lebensloesungen.ch\/de\/wp-json\/wp\/v2\/pages"}],"about":[{"href":"https:\/\/lebensloesungen.ch\/de\/wp-json\/wp\/v2\/types\/page"}],"author":[{"embeddable":true,"href":"https:\/\/lebensloesungen.ch\/de\/wp-json\/wp\/v2\/users\/1"}],"replies":[{"embeddable":true,"href":"https:\/\/lebensloesungen.ch\/de\/wp-json\/wp\/v2\/comments?post=472"}],"version-history":[{"count":2,"href":"https:\/\/lebensloesungen.ch\/de\/wp-json\/wp\/v2\/pages\/472\/revisions"}],"predecessor-version":[{"id":1183,"href":"https:\/\/lebensloesungen.ch\/de\/wp-json\/wp\/v2\/pages\/472\/revisions\/1183"}],"wp:attachment":[{"href":"https:\/\/lebensloesungen.ch\/de\/wp-json\/wp\/v2\/media?parent=472"}],"curies":[{"name":"wp","href":"https:\/\/api.w.org\/{rel}","templated":true}]}}