{"id":571,"date":"2024-04-30T19:34:23","date_gmt":"2024-04-30T19:34:23","guid":{"rendered":"https:\/\/dev.lebensloesungen.ch\/de\/?page_id=571"},"modified":"2024-06-11T21:32:45","modified_gmt":"2024-06-11T21:32:45","slug":"fuehrungskraefte","status":"publish","type":"page","link":"https:\/\/lebensloesungen.ch\/de\/fuehrungskraefte\/","title":{"rendered":"F\u00fchrungskr\u00e4fte \u2013 Die Motoren unserer Gesellschaft"},"content":{"rendered":"\n<p style=\"margin-top: 1em;\">F\u00fchrungskr\u00e4fte sind die entscheidenden S\u00e4ulen unserer Gesellschaft. Ihre F\u00e4higkeiten und ihr Erfolg tragen massgeblich zum Wohlbefinden all jener bei, die von ihrer F\u00fchrung abh\u00e4ngig sind. Doch der Druck, den sie aushalten m\u00fcssen, ist enorm \u2013 st\u00e4ndig konfrontiert mit vielf\u00e4ltigen Anforderungen, Interessenkonflikten und herausfordernden Situationen. In einem Unternehmen ist nichts wichtiger als starke und stabile F\u00fchrungspers\u00f6nlichkeiten, die auch inmitten des Chaos einen klaren Kurs beibehalten k\u00f6nnen.<\/p>\n<p>Falls Sie als F\u00fchrungskraft manchmal das Gef\u00fchl haben, dass der Boden unter Ihren F\u00fcssen weggezogen wird oder Sie den \u00dcberblick verlieren, sind Sie nicht allein. Selbstzweifel und Unsicherheiten k\u00f6nnen auftreten, besonders wenn R\u00fcckschl\u00e4ge Ihr Selbstvertrauen ersch\u00fcttern. Aber diese Bedenken sollten Ihren Erfolg nicht behindern.<\/p>\n<p>Wir bei Lebensl\u00f6sungen verstehen diese Herausforderungen und stehen bereit, Sie auf Ihrem Weg zu unterst\u00fctzen. Durch eine pr\u00e4zise Pers\u00f6nlichkeitsanalyse und er\u00f6rternden Gespr\u00e4chen entwickeln wir ein massgeschneidertes Programm, das Ihnen Stabilit\u00e4t, innere Ruhe und den n\u00f6tigen Fokus verschafft.<\/p>\n<p>Nehmen Sie noch heute den ersten Schritt zu einer st\u00e4rkeren und stabileren F\u00fchrungspers\u00f6nlichkeit. F\u00fcllen Sie den von uns verwendeten kostenlosen Pers\u00f6nlichkeitstest aus und vereinbaren Sie einen Termin. Wir sind hier, um Ihnen zu helfen und freuen uns darauf, Sie auf Ihrem Weg zu begleiten.<\/p>\n<a class=\"lsgs-button-link\" rel=\"noopener\" href=\"https:\/\/lebensloesungen.ch\/persoenlichkeitstest-formular\/\" title=\"Finden Sie heraus, was Ihre ST\u00c4RKEN und UNVOLLKOMMENHEITEN sind.\">ZUM PERS\u00d6NLICHKEITSTEST<\/a>\n","protected":false},"excerpt":{"rendered":"<p>F\u00fchrungskr\u00e4fte \u2013 Die Motoren unserer Gesellschaft<\/p>\n","protected":false},"author":1,"featured_media":0,"parent":0,"menu_order":0,"comment_status":"closed","ping_status":"closed","template":"","meta":{"ocean_post_layout":"full-width","ocean_both_sidebars_style":"","ocean_both_sidebars_content_width":0,"ocean_both_sidebars_sidebars_width":0,"ocean_sidebar":"0","ocean_second_sidebar":"0","ocean_disable_margins":"enable","ocean_add_body_class":"","ocean_shortcode_before_top_bar":"","ocean_shortcode_after_top_bar":"","ocean_shortcode_before_header":"","ocean_shortcode_after_header":"","ocean_has_shortcode":"","ocean_shortcode_after_title":"","ocean_shortcode_before_footer_widgets":"","ocean_shortcode_after_footer_widgets":"","ocean_shortcode_before_footer_bottom":"","ocean_shortcode_after_footer_bottom":"","ocean_display_top_bar":"default","ocean_display_header":"default","ocean_header_style":"","ocean_center_header_left_menu":"0","ocean_custom_header_template":"0","ocean_custom_logo":0,"ocean_custom_retina_logo":0,"ocean_custom_logo_max_width":0,"ocean_custom_logo_tablet_max_width":0,"ocean_custom_logo_mobile_max_width":0,"ocean_custom_logo_max_height":0,"ocean_custom_logo_tablet_max_height":0,"ocean_custom_logo_mobile_max_height":0,"ocean_header_custom_menu":"0","ocean_menu_typo_font_family":"0","ocean_menu_typo_font_subset":"","ocean_menu_typo_font_size":0,"ocean_menu_typo_font_size_tablet":0,"ocean_menu_typo_font_size_mobile":0,"ocean_menu_typo_font_size_unit":"px","ocean_menu_typo_font_weight":"","ocean_menu_typo_font_weight_tablet":"","ocean_menu_typo_font_weight_mobile":"","ocean_menu_typo_transform":"","ocean_menu_typo_transform_tablet":"","ocean_menu_typo_transform_mobile":"","ocean_menu_typo_line_height":0,"ocean_menu_typo_line_height_tablet":0,"ocean_menu_typo_line_height_mobile":0,"ocean_menu_typo_line_height_unit":"","ocean_menu_typo_spacing":0,"ocean_menu_typo_spacing_tablet":0,"ocean_menu_typo_spacing_mobile":0,"ocean_menu_typo_spacing_unit":"","ocean_menu_link_color":"","ocean_menu_link_color_hover":"","ocean_menu_link_color_active":"","ocean_menu_link_background":"","ocean_menu_link_hover_background":"","ocean_menu_link_active_background":"","ocean_menu_social_links_bg":"","ocean_menu_social_hover_links_bg":"","ocean_menu_social_links_color":"","ocean_menu_social_hover_links_color":"","ocean_disable_title":"default","ocean_disable_heading":"default","ocean_post_title":"","ocean_post_subheading":"<span class=\"lsgs-red\">Mit Energie und Balance ein gesundes und expandierendes Unternehmen f\u00fchren.<\/span>","ocean_post_title_style":"centered","ocean_post_title_background_color":"","ocean_post_title_background":0,"ocean_post_title_bg_image_position":"","ocean_post_title_bg_image_attachment":"","ocean_post_title_bg_image_repeat":"","ocean_post_title_bg_image_size":"","ocean_post_title_height":0,"ocean_post_title_bg_overlay":0.5,"ocean_post_title_bg_overlay_color":"","ocean_disable_breadcrumbs":"default","ocean_breadcrumbs_color":"","ocean_breadcrumbs_separator_color":"","ocean_breadcrumbs_links_color":"","ocean_breadcrumbs_links_hover_color":"","ocean_display_footer_widgets":"default","ocean_display_footer_bottom":"default","ocean_custom_footer_template":"0","footnotes":""},"class_list":["post-571","page","type-page","status-publish","hentry","entry","owp-thumbs-layout-horizontal","owp-btn-normal","owp-tabs-layout-horizontal","has-no-thumbnails","has-product-nav"],"_links":{"self":[{"href":"https:\/\/lebensloesungen.ch\/de\/wp-json\/wp\/v2\/pages\/571","targetHints":{"allow":["GET"]}}],"collection":[{"href":"https:\/\/lebensloesungen.ch\/de\/wp-json\/wp\/v2\/pages"}],"about":[{"href":"https:\/\/lebensloesungen.ch\/de\/wp-json\/wp\/v2\/types\/page"}],"author":[{"embeddable":true,"href":"https:\/\/lebensloesungen.ch\/de\/wp-json\/wp\/v2\/users\/1"}],"replies":[{"embeddable":true,"href":"https:\/\/lebensloesungen.ch\/de\/wp-json\/wp\/v2\/comments?post=571"}],"version-history":[{"count":0,"href":"https:\/\/lebensloesungen.ch\/de\/wp-json\/wp\/v2\/pages\/571\/revisions"}],"wp:attachment":[{"href":"https:\/\/lebensloesungen.ch\/de\/wp-json\/wp\/v2\/media?parent=571"}],"curies":[{"name":"wp","href":"https:\/\/api.w.org\/{rel}","templated":true}]}}