{"id":589,"date":"2024-04-30T21:18:24","date_gmt":"2024-04-30T21:18:24","guid":{"rendered":"https:\/\/dev.lebensloesungen.ch\/de\/?page_id=589"},"modified":"2024-06-22T22:13:23","modified_gmt":"2024-06-22T22:13:23","slug":"erfolgsberichte","status":"publish","type":"page","link":"https:\/\/lebensloesungen.ch\/de\/erfolgsberichte\/","title":{"rendered":"Erfolgsberichte"},"content":{"rendered":"\n<div class=\"lsgs-testimonial\">\n<p class=\"lsgs-testimonial\">\u201eNachdem ich den Dianetik&reg; Beistand erhalten hatte, stieg meine Lebensfreude um 100 %, ich wurde selbstbewusster und fand mein Lebensziel.\u201c<\/p>\n<p class=\"lsgs-testimonial\"><img decoding=\"async\" class=\"lsgs-avatar\" src=\"https:\/\/lebensloesungen.ch\/de\/wp-content\/uploads\/2024\/06\/Avatar-Woman-01.jpg\" \/>Abril F.<\/p>\n<\/div>\n<div class=\"lsgs-testimonial\">\n<p class=\"lsgs-testimonial\">\u201eDurch die Dianetik Beratung mit Tobias habe ich verborgene Aspekte meines Verstandes aufgedeckt, die mich im Leben zur\u00fcckhielten. Tobias hat mich durch die Sitzungen gef\u00fchrt und mir geholfen, diese Hindernisse zu erkennen und zu \u00fcberwinden, was mich letztendlich dazu bef\u00e4higt hat, erfolgreich zu sein.\u201c<\/p>\n<p class=\"lsgs-testimonial\"><img decoding=\"async\" class=\"lsgs-avatar\" src=\"https:\/\/lebensloesungen.ch\/de\/wp-content\/uploads\/2024\/06\/Avatar-Man-01.jpg\" \/>Tyler W.<\/p>\n<\/div>\n<div class=\"lsgs-testimonial\">\n<p class=\"lsgs-testimonial\">\u201eNach meiner Scheidung habe ich mich der Dianetik Beratung zugewandt, und sie hat Wunder bewirkt. Sie half mir nicht nur, diese schwierige Zeit zu bew\u00e4ltigen, sondern kurz darauf fand ich mich auch in einer bl\u00fchenden neuen Beziehung wieder. \u00dcberraschenderweise hat sie auch meine H\u00f6henangst auf wundersame Weise gel\u00f6scht, obwohl wir uns nie speziell damit besch\u00e4ftigt haben.\u201c<\/p>\n<p class=\"lsgs-testimonial\"><img decoding=\"async\" class=\"lsgs-avatar\" src=\"https:\/\/lebensloesungen.ch\/de\/wp-content\/uploads\/2024\/06\/Avatar-Woman-03.jpg\" \/>Natalia L.<\/p>\n<\/div>\n<div class=\"lsgs-testimonial\">\n<p class=\"lsgs-testimonial\">\u201eIch habe eine unsch\u00e4tzbare pers\u00f6nliche Beratung von Tobias erhalten, die mir geholfen hat, eine erhebliche mentale Blockade zu \u00fcberwinden. Jetzt denke und handle ich mit neu gewonnener Klarheit. Vielen Dank f\u00fcr Deine zutiefst wirkungsvolle Hilfe.\u201c<\/p>\n<p class=\"lsgs-testimonial\"><img decoding=\"async\" class=\"lsgs-avatar\" src=\"https:\/\/lebensloesungen.ch\/de\/wp-content\/uploads\/2024\/06\/Avatar-Man-02.jpg\" \/>Thomas C.<\/p>\n<\/div>\n<div class=\"lsgs-testimonial\">\n<p class=\"lsgs-testimonial\">\u201eDurch die Anwendung der Scientology&reg; Beratung hat sich meine F\u00e4higkeit zu kommunizieren stark verbessert. Dies hatte sichtbare Auswirkungen auf meine Karriere als K\u00fcnstlerin und ich erlangte internationale Anerkennung. Es hat meinen Traum wahr werden lassen.\u201c<\/p>\n<p class=\"lsgs-testimonial\"><img decoding=\"async\" class=\"lsgs-avatar\" src=\"https:\/\/lebensloesungen.ch\/de\/wp-content\/uploads\/2024\/06\/Avatar-Woman-02.jpg\" \/>Leigh-Ann E.<\/p>\n<\/div>\n<div class=\"lsgs-testimonial\">\n<p class=\"lsgs-testimonial\">\u201eTobias hat mir wirklich geholfen, eine hellere Zukunft zu sehen! Es ist unglaublich, was diese Sitzungen bewirken k\u00f6nnen. Zum ersten Mal begann ich, mich meinem Leben zu stellen und entdeckte, dass es noch besser sein kann, als ich es mir vorgestellt hatte. Danach f\u00fchlte ich mich f\u00e4higer, meine Probleme zu bew\u00e4ltigen und mit den Menschen um mich herum zu kommunizieren. Es ist, als ob ich bodenst\u00e4ndiger und widerstandsf\u00e4higer geworden bin. Danke, Tobias, f\u00fcr deine unglaubliche Hilfe und F\u00fcrsorge. Du hast mein Leben wirklich ver\u00e4ndert!\u201c<\/p>\n<p class=\"lsgs-testimonial\"><img decoding=\"async\" class=\"lsgs-avatar\" src=\"https:\/\/lebensloesungen.ch\/de\/wp-content\/uploads\/2024\/06\/Avatar-Woman-04.jpg\" \/>Bella K.<\/p>\n<\/div>\n","protected":false},"excerpt":{"rendered":"<p>Erfolgsberichte<\/p>\n","protected":false},"author":1,"featured_media":0,"parent":0,"menu_order":0,"comment_status":"closed","ping_status":"closed","template":"","meta":{"ocean_post_layout":"full-width","ocean_both_sidebars_style":"","ocean_both_sidebars_content_width":0,"ocean_both_sidebars_sidebars_width":0,"ocean_sidebar":"0","ocean_second_sidebar":"0","ocean_disable_margins":"enable","ocean_add_body_class":"","ocean_shortcode_before_top_bar":"","ocean_shortcode_after_top_bar":"","ocean_shortcode_before_header":"","ocean_shortcode_after_header":"","ocean_has_shortcode":"","ocean_shortcode_after_title":"","ocean_shortcode_before_footer_widgets":"","ocean_shortcode_after_footer_widgets":"","ocean_shortcode_before_footer_bottom":"","ocean_shortcode_after_footer_bottom":"","ocean_display_top_bar":"default","ocean_display_header":"default","ocean_header_style":"","ocean_center_header_left_menu":"0","ocean_custom_header_template":"0","ocean_custom_logo":0,"ocean_custom_retina_logo":0,"ocean_custom_logo_max_width":0,"ocean_custom_logo_tablet_max_width":0,"ocean_custom_logo_mobile_max_width":0,"ocean_custom_logo_max_height":0,"ocean_custom_logo_tablet_max_height":0,"ocean_custom_logo_mobile_max_height":0,"ocean_header_custom_menu":"0","ocean_menu_typo_font_family":"0","ocean_menu_typo_font_subset":"","ocean_menu_typo_font_size":0,"ocean_menu_typo_font_size_tablet":0,"ocean_menu_typo_font_size_mobile":0,"ocean_menu_typo_font_size_unit":"px","ocean_menu_typo_font_weight":"","ocean_menu_typo_font_weight_tablet":"","ocean_menu_typo_font_weight_mobile":"","ocean_menu_typo_transform":"","ocean_menu_typo_transform_tablet":"","ocean_menu_typo_transform_mobile":"","ocean_menu_typo_line_height":0,"ocean_menu_typo_line_height_tablet":0,"ocean_menu_typo_line_height_mobile":0,"ocean_menu_typo_line_height_unit":"","ocean_menu_typo_spacing":0,"ocean_menu_typo_spacing_tablet":0,"ocean_menu_typo_spacing_mobile":0,"ocean_menu_typo_spacing_unit":"","ocean_menu_link_color":"","ocean_menu_link_color_hover":"","ocean_menu_link_color_active":"","ocean_menu_link_background":"","ocean_menu_link_hover_background":"","ocean_menu_link_active_background":"","ocean_menu_social_links_bg":"","ocean_menu_social_hover_links_bg":"","ocean_menu_social_links_color":"","ocean_menu_social_hover_links_color":"","ocean_disable_title":"default","ocean_disable_heading":"default","ocean_post_title":"","ocean_post_subheading":"<span class=\"lsgs-red\">Wie Leben ver\u00e4ndert und Tr\u00e4ume verwirklicht wurden.<\/span>","ocean_post_title_style":"centered","ocean_post_title_background_color":"","ocean_post_title_background":0,"ocean_post_title_bg_image_position":"","ocean_post_title_bg_image_attachment":"","ocean_post_title_bg_image_repeat":"","ocean_post_title_bg_image_size":"","ocean_post_title_height":0,"ocean_post_title_bg_overlay":0.5,"ocean_post_title_bg_overlay_color":"","ocean_disable_breadcrumbs":"default","ocean_breadcrumbs_color":"","ocean_breadcrumbs_separator_color":"","ocean_breadcrumbs_links_color":"","ocean_breadcrumbs_links_hover_color":"","ocean_display_footer_widgets":"default","ocean_display_footer_bottom":"default","ocean_custom_footer_template":"0","footnotes":""},"class_list":["post-589","page","type-page","status-publish","hentry","entry","owp-thumbs-layout-horizontal","owp-btn-normal","owp-tabs-layout-horizontal","has-no-thumbnails","has-product-nav"],"_links":{"self":[{"href":"https:\/\/lebensloesungen.ch\/de\/wp-json\/wp\/v2\/pages\/589","targetHints":{"allow":["GET"]}}],"collection":[{"href":"https:\/\/lebensloesungen.ch\/de\/wp-json\/wp\/v2\/pages"}],"about":[{"href":"https:\/\/lebensloesungen.ch\/de\/wp-json\/wp\/v2\/types\/page"}],"author":[{"embeddable":true,"href":"https:\/\/lebensloesungen.ch\/de\/wp-json\/wp\/v2\/users\/1"}],"replies":[{"embeddable":true,"href":"https:\/\/lebensloesungen.ch\/de\/wp-json\/wp\/v2\/comments?post=589"}],"version-history":[{"count":0,"href":"https:\/\/lebensloesungen.ch\/de\/wp-json\/wp\/v2\/pages\/589\/revisions"}],"wp:attachment":[{"href":"https:\/\/lebensloesungen.ch\/de\/wp-json\/wp\/v2\/media?parent=589"}],"curies":[{"name":"wp","href":"https:\/\/api.w.org\/{rel}","templated":true}]}}